{"id":1141,"date":"2022-10-12T13:41:52","date_gmt":"2022-10-12T10:41:52","guid":{"rendered":"http:\/\/boylufidan.com\/?page_id=1141"},"modified":"2022-10-12T13:47:40","modified_gmt":"2022-10-12T10:47:40","slug":"sirket-bilgilerimiz","status":"publish","type":"page","link":"https:\/\/boylufidan.com\/index.php\/sirket-bilgilerimiz\/","title":{"rendered":"\u015e\u0130RKET B\u0130LG\u0130LER\u0130M\u0130Z"},"content":{"rendered":"\n<figure class=\"wp-block-gallery columns-3 is-cropped\"><ul class=\"blocks-gallery-grid\"><li class=\"blocks-gallery-item\"><figure><img loading=\"lazy\" width=\"1200\" height=\"1600\" src=\"http:\/\/boylufidan.com\/wp-content\/uploads\/2022\/10\/IMG-20220605-WA0010.jpg\" alt=\"\" data-id=\"1146\" data-full-url=\"http:\/\/boylufidan.com\/wp-content\/uploads\/2022\/10\/IMG-20220605-WA0010.jpg\" data-link=\"http:\/\/boylufidan.com\/index.php\/sirket-bilgilerimiz\/img-20220605-wa0010\/\" class=\"wp-image-1146\" srcset=\"https:\/\/boylufidan.com\/wp-content\/uploads\/2022\/10\/IMG-20220605-WA0010.jpg 1200w, https:\/\/boylufidan.com\/wp-content\/uploads\/2022\/10\/IMG-20220605-WA0010-225x300.jpg 225w, https:\/\/boylufidan.com\/wp-content\/uploads\/2022\/10\/IMG-20220605-WA0010-768x1024.jpg 768w, https:\/\/boylufidan.com\/wp-content\/uploads\/2022\/10\/IMG-20220605-WA0010-1152x1536.jpg 1152w, https:\/\/boylufidan.com\/wp-content\/uploads\/2022\/10\/IMG-20220605-WA0010-45x60.jpg 45w, https:\/\/boylufidan.com\/wp-content\/uploads\/2022\/10\/IMG-20220605-WA0010-600x800.jpg 600w\" sizes=\"(max-width: 1200px) 100vw, 1200px\" \/><\/figure><\/li><li class=\"blocks-gallery-item\"><figure><img loading=\"lazy\" width=\"1200\" height=\"1600\" src=\"http:\/\/boylufidan.com\/wp-content\/uploads\/2022\/10\/IMG-20220605-WA0011.jpg\" alt=\"\" data-id=\"1147\" data-full-url=\"http:\/\/boylufidan.com\/wp-content\/uploads\/2022\/10\/IMG-20220605-WA0011.jpg\" data-link=\"http:\/\/boylufidan.com\/index.php\/sirket-bilgilerimiz\/img-20220605-wa0011\/\" class=\"wp-image-1147\" srcset=\"https:\/\/boylufidan.com\/wp-content\/uploads\/2022\/10\/IMG-20220605-WA0011.jpg 1200w, https:\/\/boylufidan.com\/wp-content\/uploads\/2022\/10\/IMG-20220605-WA0011-225x300.jpg 225w, https:\/\/boylufidan.com\/wp-content\/uploads\/2022\/10\/IMG-20220605-WA0011-768x1024.jpg 768w, https:\/\/boylufidan.com\/wp-content\/uploads\/2022\/10\/IMG-20220605-WA0011-1152x1536.jpg 1152w, https:\/\/boylufidan.com\/wp-content\/uploads\/2022\/10\/IMG-20220605-WA0011-45x60.jpg 45w, https:\/\/boylufidan.com\/wp-content\/uploads\/2022\/10\/IMG-20220605-WA0011-600x800.jpg 600w\" sizes=\"(max-width: 1200px) 100vw, 1200px\" \/><\/figure><\/li><li class=\"blocks-gallery-item\"><figure><img loading=\"lazy\" width=\"1200\" height=\"1600\" src=\"http:\/\/boylufidan.com\/wp-content\/uploads\/2022\/10\/IMG-20220605-WA0012.jpg\" alt=\"\" data-id=\"1148\" data-full-url=\"http:\/\/boylufidan.com\/wp-content\/uploads\/2022\/10\/IMG-20220605-WA0012.jpg\" data-link=\"http:\/\/boylufidan.com\/index.php\/sirket-bilgilerimiz\/img-20220605-wa0012\/\" class=\"wp-image-1148\" srcset=\"https:\/\/boylufidan.com\/wp-content\/uploads\/2022\/10\/IMG-20220605-WA0012.jpg 1200w, https:\/\/boylufidan.com\/wp-content\/uploads\/2022\/10\/IMG-20220605-WA0012-225x300.jpg 225w, https:\/\/boylufidan.com\/wp-content\/uploads\/2022\/10\/IMG-20220605-WA0012-768x1024.jpg 768w, https:\/\/boylufidan.com\/wp-content\/uploads\/2022\/10\/IMG-20220605-WA0012-1152x1536.jpg 1152w, https:\/\/boylufidan.com\/wp-content\/uploads\/2022\/10\/IMG-20220605-WA0012-45x60.jpg 45w, https:\/\/boylufidan.com\/wp-content\/uploads\/2022\/10\/IMG-20220605-WA0012-600x800.jpg 600w\" sizes=\"(max-width: 1200px) 100vw, 1200px\" \/><\/figure><\/li><li class=\"blocks-gallery-item\"><figure><img loading=\"lazy\" width=\"1024\" height=\"768\" src=\"http:\/\/boylufidan.com\/wp-content\/uploads\/2022\/10\/IMG-20220605-WA0013-1024x768.jpg\" alt=\"\" data-id=\"1149\" data-full-url=\"http:\/\/boylufidan.com\/wp-content\/uploads\/2022\/10\/IMG-20220605-WA0013-rotated.jpg\" data-link=\"http:\/\/boylufidan.com\/index.php\/sirket-bilgilerimiz\/img-20220605-wa0013\/\" class=\"wp-image-1149\" srcset=\"https:\/\/boylufidan.com\/wp-content\/uploads\/2022\/10\/IMG-20220605-WA0013-1024x768.jpg 1024w, https:\/\/boylufidan.com\/wp-content\/uploads\/2022\/10\/IMG-20220605-WA0013-300x225.jpg 300w, https:\/\/boylufidan.com\/wp-content\/uploads\/2022\/10\/IMG-20220605-WA0013-768x576.jpg 768w, https:\/\/boylufidan.com\/wp-content\/uploads\/2022\/10\/IMG-20220605-WA0013-1536x1152.jpg 1536w, https:\/\/boylufidan.com\/wp-content\/uploads\/2022\/10\/IMG-20220605-WA0013-80x60.jpg 80w, https:\/\/boylufidan.com\/wp-content\/uploads\/2022\/10\/IMG-20220605-WA0013-640x480.jpg 640w, https:\/\/boylufidan.com\/wp-content\/uploads\/2022\/10\/IMG-20220605-WA0013-110x83.jpg 110w, https:\/\/boylufidan.com\/wp-content\/uploads\/2022\/10\/IMG-20220605-WA0013-600x450.jpg 600w, https:\/\/boylufidan.com\/wp-content\/uploads\/2022\/10\/IMG-20220605-WA0013-rotated.jpg 1600w\" sizes=\"(max-width: 1024px) 100vw, 1024px\" \/><\/figure><\/li><\/ul><\/figure>\n","protected":false},"excerpt":{"rendered":"","protected":false},"author":1,"featured_media":0,"parent":0,"menu_order":0,"comment_status":"closed","ping_status":"closed","template":"","meta":{"om_disable_all_campaigns":false,"_monsterinsights_skip_tracking":false,"_monsterinsights_sitenote_active":false,"_monsterinsights_sitenote_note":"","_monsterinsights_sitenote_category":0},"_links":{"self":[{"href":"https:\/\/boylufidan.com\/index.php\/wp-json\/wp\/v2\/pages\/1141"}],"collection":[{"href":"https:\/\/boylufidan.com\/index.php\/wp-json\/wp\/v2\/pages"}],"about":[{"href":"https:\/\/boylufidan.com\/index.php\/wp-json\/wp\/v2\/types\/page"}],"author":[{"embeddable":true,"href":"https:\/\/boylufidan.com\/index.php\/wp-json\/wp\/v2\/users\/1"}],"replies":[{"embeddable":true,"href":"https:\/\/boylufidan.com\/index.php\/wp-json\/wp\/v2\/comments?post=1141"}],"version-history":[{"count":3,"href":"https:\/\/boylufidan.com\/index.php\/wp-json\/wp\/v2\/pages\/1141\/revisions"}],"predecessor-version":[{"id":1151,"href":"https:\/\/boylufidan.com\/index.php\/wp-json\/wp\/v2\/pages\/1141\/revisions\/1151"}],"wp:attachment":[{"href":"https:\/\/boylufidan.com\/index.php\/wp-json\/wp\/v2\/media?parent=1141"}],"curies":[{"name":"wp","href":"https:\/\/api.w.org\/{rel}","templated":true}]}}