{"id":802,"date":"2022-02-10T13:17:03","date_gmt":"2022-02-10T10:17:03","guid":{"rendered":"http:\/\/boylufidan.com\/?page_id=802"},"modified":"2022-09-13T14:14:16","modified_gmt":"2022-09-13T11:14:16","slug":"iletisim-2","status":"publish","type":"page","link":"https:\/\/boylufidan.com\/index.php\/iletisim-2\/","title":{"rendered":"\u0130LET\u0130\u015e\u0130M"},"content":{"rendered":"\n<p style=\"font-size:18px\"><strong>\u0130LYAS ALAN       0544 232 02 44<\/strong><\/p>\n\n\n\n<p style=\"font-size:17px\"><strong>Alan Fidanc\u0131l\u0131k  Band\u0131rma V.D 2294 506 70 16<\/strong> <\/p>\n\n\n\n<figure class=\"wp-block-image size-full\"><img loading=\"lazy\" width=\"269\" height=\"90\" src=\"http:\/\/boylufidan.com\/wp-content\/uploads\/2022\/09\/LLL.png\" alt=\"\" class=\"wp-image-1085\" srcset=\"https:\/\/boylufidan.com\/wp-content\/uploads\/2022\/09\/LLL.png 269w, https:\/\/boylufidan.com\/wp-content\/uploads\/2022\/09\/LLL-179x60.png 179w\" sizes=\"(max-width: 269px) 100vw, 269px\" \/><\/figure>\n\n\n\n<p class=\"has-vivid-red-color has-text-color\" style=\"font-size:17px\"><strong>ADRES<\/strong><\/p>\n\n\n\n<p style=\"font-size:17px\"><strong>Pa\u015fabay\u0131r Mahallesi Ahmet Taner K\u0131\u015flal\u0131 Cad. No:6\/6 <\/strong><\/p>\n\n\n\n<p style=\"font-size:17px\"><strong>BALIKES\u0130R\/ BANDIRMA<\/strong><\/p>\n\n\n\n<p class=\"has-vivid-red-color has-text-color\"><strong>BANKA HESAPLARI<\/strong><\/p>\n\n\n\n<p><strong>Ziraat Bankas\u0131<\/strong><\/p>\n\n\n\n<p><strong>\u0130ban: TR88 0001 0024 4625 8715 1750 07<\/strong><\/p>\n","protected":false},"excerpt":{"rendered":"<p>\u0130LYAS ALAN 0544 232 02 44 Alan Fidanc\u0131l\u0131k Band\u0131rma V.D 2294 506 70 16 ADRES Pa\u015fabay\u0131r Mahallesi Ahmet Taner K\u0131\u015flal\u0131 Cad. No:6\/6 BALIKES\u0130R\/ BANDIRMA BANKA HESAPLARI Ziraat Bankas\u0131 \u0130ban: TR88 &hellip; <\/p>\n","protected":false},"author":1,"featured_media":0,"parent":0,"menu_order":0,"comment_status":"closed","ping_status":"closed","template":"","meta":{"om_disable_all_campaigns":false,"_monsterinsights_skip_tracking":false,"_monsterinsights_sitenote_active":false,"_monsterinsights_sitenote_note":"","_monsterinsights_sitenote_category":0},"_links":{"self":[{"href":"https:\/\/boylufidan.com\/index.php\/wp-json\/wp\/v2\/pages\/802"}],"collection":[{"href":"https:\/\/boylufidan.com\/index.php\/wp-json\/wp\/v2\/pages"}],"about":[{"href":"https:\/\/boylufidan.com\/index.php\/wp-json\/wp\/v2\/types\/page"}],"author":[{"embeddable":true,"href":"https:\/\/boylufidan.com\/index.php\/wp-json\/wp\/v2\/users\/1"}],"replies":[{"embeddable":true,"href":"https:\/\/boylufidan.com\/index.php\/wp-json\/wp\/v2\/comments?post=802"}],"version-history":[{"count":3,"href":"https:\/\/boylufidan.com\/index.php\/wp-json\/wp\/v2\/pages\/802\/revisions"}],"predecessor-version":[{"id":1092,"href":"https:\/\/boylufidan.com\/index.php\/wp-json\/wp\/v2\/pages\/802\/revisions\/1092"}],"wp:attachment":[{"href":"https:\/\/boylufidan.com\/index.php\/wp-json\/wp\/v2\/media?parent=802"}],"curies":[{"name":"wp","href":"https:\/\/api.w.org\/{rel}","templated":true}]}}